{"id":77,"date":"2021-04-14T06:19:05","date_gmt":"2021-04-14T06:19:05","guid":{"rendered":"https:\/\/8cc-naturopathie.com\/?page_id=77"},"modified":"2024-11-20T08:43:38","modified_gmt":"2024-11-20T08:43:38","slug":"livret-et-publications","status":"publish","type":"page","link":"https:\/\/8cc-holistic-care.com\/fr_fr\/livret-et-publications","title":{"rendered":"Livret et publications"},"content":{"rendered":"\n<div style=\"height:41px\" aria-hidden=\"true\" class=\"wp-block-spacer\"><\/div>\n\n\n<h2><strong data-rich-text-format-boundary=\"true\">Ensemble des ressources \u00e9crites sur la naturopathie appliqu\u00e9e dans le mod\u00e8le des 8CC<\/strong><\/h2>\n<ul style=\"list-style-type: circle;\">\n<li><strong data-rich-text-format-boundary=\"true\">Pour t\u00e9l\u00e9charger le livret de pr\u00e9sentation :<\/strong><\/li>\n<\/ul>\n<p><img loading=\"lazy\" decoding=\"async\" class=\"aligncenter wp-image-304 size-medium\" src=\"http:\/\/8cc-holistic-care.com\/wp-content\/uploads\/2021\/09\/Livret-8cc-naturo-en-ligne-1-212x300.png\" alt=\"\" width=\"212\" height=\"300\" srcset=\"https:\/\/8cc-holistic-care.com\/wp-content\/uploads\/2021\/09\/Livret-8cc-naturo-en-ligne-1-212x300.png 212w, https:\/\/8cc-holistic-care.com\/wp-content\/uploads\/2021\/09\/Livret-8cc-naturo-en-ligne-1-724x1024.png 724w, https:\/\/8cc-holistic-care.com\/wp-content\/uploads\/2021\/09\/Livret-8cc-naturo-en-ligne-1-768x1086.png 768w, https:\/\/8cc-holistic-care.com\/wp-content\/uploads\/2021\/09\/Livret-8cc-naturo-en-ligne-1-1086x1536.png 1086w, https:\/\/8cc-holistic-care.com\/wp-content\/uploads\/2021\/09\/Livret-8cc-naturo-en-ligne-1-8x12.png 8w, https:\/\/8cc-holistic-care.com\/wp-content\/uploads\/2021\/09\/Livret-8cc-naturo-en-ligne-1.png 1414w\" sizes=\"auto, (max-width: 212px) 100vw, 212px\" \/><\/p>\n<p style=\"text-align: center;\"><strong><a href=\"http:\/\/wp-8cc.crusadertech-pl.com\/wp-content\/uploads\/2021\/09\/Livret-8cc-naturo-en-ligne-1-1.pdf\" target=\"_blank\" rel=\"noopener\" class=\"broken_link\">T\u00e9l\u00e9charger le livret gratuit<\/a><\/strong><\/p>\n\n\n<p><\/p>\n\n\n\n<p><\/p>\n\n\n\n<div style=\"height:37px\" aria-hidden=\"true\" class=\"wp-block-spacer\"><\/div>\n\n\n<\/p>\n<ul style=\"list-style-type: circle;\">\n<li><strong data-rich-text-format-boundary=\"true\">La naturopathie d\u00e9velopp\u00e9e dans le mod\u00e8le des 8 circuits de conscience Timothy Leary, le m\u00e9moire d&rsquo;\u00e9tude en naturopathie publi\u00e9<br \/><\/strong><\/li>\n<\/ul>\n\n<div class=\"wp-block-image\">\n<figure class=\"aligncenter size-full\"><img loading=\"lazy\" decoding=\"async\" width=\"940\" height=\"788\" src=\"http:\/\/8cc-holistic-care.com\/wp-content\/uploads\/2021\/09\/Presentation-Fb-du-livret-8CC-naturo.png\" alt=\"\" class=\"wp-image-221\" srcset=\"https:\/\/8cc-holistic-care.com\/wp-content\/uploads\/2021\/09\/Presentation-Fb-du-livret-8CC-naturo.png 940w, https:\/\/8cc-holistic-care.com\/wp-content\/uploads\/2021\/09\/Presentation-Fb-du-livret-8CC-naturo-300x251.png 300w, https:\/\/8cc-holistic-care.com\/wp-content\/uploads\/2021\/09\/Presentation-Fb-du-livret-8CC-naturo-768x644.png 768w, https:\/\/8cc-holistic-care.com\/wp-content\/uploads\/2021\/09\/Presentation-Fb-du-livret-8CC-naturo-14x12.png 14w\" sizes=\"auto, (max-width: 940px) 100vw, 940px\" \/><\/figure><\/div>\n\n\n<p><\/p>\n\n\n<ul style=\"list-style-type: circle;\">\n<li><strong data-rich-text-format-boundary=\"true\">Autre projet de livre (en pr\u00e9paration)<\/strong><\/li>\n<\/ul>\n\n\n<p><\/p>\n\n\n\n<p><\/p>\n","protected":false},"excerpt":{"rendered":"<p>Ensemble des ressources \u00e9crites sur la naturopathie appliqu\u00e9e dans le mod\u00e8le des 8CC Pour t\u00e9l\u00e9charger le livret de pr\u00e9sentation : T\u00e9l\u00e9charger le livret gratuit La naturopathie d\u00e9velopp\u00e9e dans le mod\u00e8le&#8230;<\/p>\n","protected":false},"author":1,"featured_media":0,"parent":0,"menu_order":0,"comment_status":"closed","ping_status":"closed","template":"","meta":{"footnotes":""},"class_list":["post-77","page","type-page","status-publish","hentry"],"_links":{"self":[{"href":"https:\/\/8cc-holistic-care.com\/fr_fr\/wp-json\/wp\/v2\/pages\/77","targetHints":{"allow":["GET"]}}],"collection":[{"href":"https:\/\/8cc-holistic-care.com\/fr_fr\/wp-json\/wp\/v2\/pages"}],"about":[{"href":"https:\/\/8cc-holistic-care.com\/fr_fr\/wp-json\/wp\/v2\/types\/page"}],"author":[{"embeddable":true,"href":"https:\/\/8cc-holistic-care.com\/fr_fr\/wp-json\/wp\/v2\/users\/1"}],"replies":[{"embeddable":true,"href":"https:\/\/8cc-holistic-care.com\/fr_fr\/wp-json\/wp\/v2\/comments?post=77"}],"version-history":[{"count":20,"href":"https:\/\/8cc-holistic-care.com\/fr_fr\/wp-json\/wp\/v2\/pages\/77\/revisions"}],"predecessor-version":[{"id":340,"href":"https:\/\/8cc-holistic-care.com\/fr_fr\/wp-json\/wp\/v2\/pages\/77\/revisions\/340"}],"wp:attachment":[{"href":"https:\/\/8cc-holistic-care.com\/fr_fr\/wp-json\/wp\/v2\/media?parent=77"}],"curies":[{"name":"wp","href":"https:\/\/api.w.org\/{rel}","templated":true}]}}