{"id":64,"date":"2021-04-08T11:57:18","date_gmt":"2021-04-08T11:57:18","guid":{"rendered":"https:\/\/xn--modle8circuitsdecons-r1b.live-website.com\/?page_id=64"},"modified":"2024-11-20T08:39:14","modified_gmt":"2024-11-20T08:39:14","slug":"memoire-detude-en-naturopathie","status":"publish","type":"page","link":"https:\/\/8cc-holistic-care.com\/fr_fr\/memoire-detude-en-naturopathie","title":{"rendered":"M\u00e9moire d&rsquo;\u00e9tude en naturopathie"},"content":{"rendered":"\n<p>Mon m\u00e9moire de fin d&rsquo;\u00e9tude en naturopathie \u00e0 l&rsquo;institut <em>Euronature<\/em>, intitul\u00e9 \u00ab\u00a0LA NATUROPATHIE DEVELOPPEE DANS LE MODELE DES 8 CIRCUITS DE CONSCIENCE DE THIMOTY LEARY\u00a0\u00bb a \u00e9t\u00e9 une vraie aventure et surtout une recherche individuelle de plusieurs ann\u00e9es. J&rsquo;en ai parl\u00e9 dans mon site originel <a href=\"https:\/\/vie-en-harmonie.fr\/memoire-de-recherche-sur-la-naturopathie-et-les-8-circuits-de-conscience\" type=\"URL\" id=\"https:\/\/vie-en-harmonie.fr\/memoire-de-recherche-sur-la-naturopathie-et-les-8-circuits-de-conscience\" target=\"_blank\" rel=\"noreferrer noopener\" class=\"broken_link\">ici<\/a>. Mais je n&rsquo;ai pas tout dit car avant m\u00eame de passer le cap et de choisir ce th\u00e8me de travail, c&rsquo;est toute une r\u00e9flexion de fond sur la possibilit\u00e9 d&rsquo;\u00e9tablir des liens entre l&rsquo;approche de sant\u00e9 naturopathique et ce mod\u00e8le de la conscience qui a une vis\u00e9e m\u00e9taphysique et quantique. <\/p>\n\n\n\n<p>Est-il possible de lui trouver une application concr\u00e8te dans le cadre d&rsquo;une consultation? <\/p>\n\n\n\n<p>La r\u00e9ponse a \u00e9t\u00e9 oui. Elle a n\u00e9cessit\u00e9 d&rsquo;\u00e9tudier les possibilit\u00e9s et d&rsquo;\u00e9laborer un syst\u00e8me d&rsquo;\u00e9valuation unique qui constitue les fiches de suivi. Mais outre la possibilit\u00e9 de l&rsquo;utiliser, la question suivante \u00e9tait : <\/p>\n\n\n\n<p>Est-ce que le mod\u00e8le am\u00e9liore l&rsquo;approche holistique de la naturopathie?<\/p>\n\n\n\n<p>C&rsquo;est l\u00e0 le c\u0153ur de mon m\u00e9moire d&rsquo;\u00e9tude. Je me suis mis \u00e0 l&rsquo;\u00e9preuve \u00e0 travers une s\u00e9rie de suivis individuels avec un groupe de personnes qui ont accept\u00e9 d&rsquo;y participer et de faire un retour apr\u00e8s cette approche de travail. <\/p>\n\n\n\n<p>Le plus \u00e9vident qui m&rsquo;ait saut\u00e9 aux yeux, outre les r\u00e9sultats exprim\u00e9s par les participants, c&rsquo;est la potentialit\u00e9 de l&rsquo;outil. Il s&rsquo;agit de toute la force de ce mod\u00e8le des 8 circuits. Une vraie r\u00e9volution dans notre perception de notre totalit\u00e9 avec une cartographie qui nous permet de l&rsquo;explorer. <\/p>\n\n\n\n<p>Gr\u00e2ce \u00e0 cette approche r\u00e9volutionnaire, le chamanisme n&rsquo;est plus tout-\u00e0-fait le m\u00eame, comme le dit Laurent Huguelit. Je pense que c&rsquo;est la m\u00eame chose pour la naturopathie. Elle ne sera plus tout-\u00e0-fait la m\u00eame. <\/p>\n\n\n\n<p>Est-ce un bond \u00ab\u00a0quantique\u00a0\u00bb? Un changement de paradigme? C&rsquo;est surtout le r\u00e9sultat du g\u00e9nie cr\u00e9atif dont nous sommes pourvus et que nous devons apprendre \u00e0 cultiver. Il s&rsquo;agit de la dimension propre du 8\u00e8me circuit. <\/p>\n\n\n\n<p>Mon m\u00e9moire d&rsquo;\u00e9tude est d\u00e9sormais disponible. Le texte original est beaucoup plus illustr\u00e9 ce qui permet une meilleure compr\u00e9hension de l&rsquo;approche. <\/p>\n\n\n\n<p>Je vous invite d&rsquo;ores et d\u00e9j\u00e0 \u00e0 t\u00e9l\u00e9charger le livret en ligne disponible dans la partie <a rel=\"noreferrer noopener\" href=\"http:\/\/wp-8cc.crusadertech-pl.com\/livret-et-publications\" type=\"URL\" id=\"http:\/\/wp-8cc.crusadertech-pl.com\/livret-et-publications\" target=\"_blank\" class=\"broken_link\">publications<\/a> et pour que ceux qui souhaitent amorcer leur plongeon dans la boucle des 8 circuits, \u00e0 vous renseigner sur les <a rel=\"noreferrer noopener\" href=\"http:\/\/wp-8cc.crusadertech-pl.com\/references\" type=\"URL\" id=\"http:\/\/wp-8cc.crusadertech-pl.com\/references\" target=\"_blank\" class=\"broken_link\">r\u00e9f\u00e9rences du mod\u00e8le<\/a>. <\/p>\n\n\n\n<p><\/p>\n\n\n<div class=\"wp-block-image\">\n<figure class=\"aligncenter size-full\"><img loading=\"lazy\" decoding=\"async\" width=\"940\" height=\"788\" src=\"http:\/\/8cc-holistic-care.com\/wp-content\/uploads\/2021\/09\/Presentation-Fb-du-livret-8CC-naturo.png\" alt=\"\" class=\"wp-image-221\" srcset=\"https:\/\/8cc-holistic-care.com\/wp-content\/uploads\/2021\/09\/Presentation-Fb-du-livret-8CC-naturo.png 940w, https:\/\/8cc-holistic-care.com\/wp-content\/uploads\/2021\/09\/Presentation-Fb-du-livret-8CC-naturo-300x251.png 300w, https:\/\/8cc-holistic-care.com\/wp-content\/uploads\/2021\/09\/Presentation-Fb-du-livret-8CC-naturo-768x644.png 768w, https:\/\/8cc-holistic-care.com\/wp-content\/uploads\/2021\/09\/Presentation-Fb-du-livret-8CC-naturo-14x12.png 14w\" sizes=\"auto, (max-width: 940px) 100vw, 940px\" \/><\/figure><\/div>\n\n\n<p><\/p>\n\n\n\n<div class=\"wp-block-buttons is-horizontal is-content-justification-center is-layout-flex wp-container-core-buttons-is-layout-1 wp-block-buttons-is-layout-flex\">\n<div class=\"wp-block-button is-style-fill\"><a class=\"wp-block-button__link wp-element-button\" href=\"https:\/\/www.thebookedition.com\/fr\/module\/books\/viewdetails?id_book=221254&amp;popin=1\" target=\"_blank\" rel=\"noreferrer noopener\">Livret Naturopathie holistique des 8 circuits<\/a><\/div>\n<\/div>\n\n\n\n<p><\/p>\n\n\n<div class=\"wp-block-image\">\n<figure class=\"aligncenter size-full is-resized\"><img loading=\"lazy\" decoding=\"async\" width=\"130\" height=\"281\" src=\"http:\/\/8cc-holistic-care.com\/wp-content\/uploads\/2021\/04\/image-1.png\" alt=\"\" class=\"wp-image-141\" style=\"width:167px;height:361px\"\/><\/figure><\/div>","protected":false},"excerpt":{"rendered":"<p>Mon m\u00e9moire de fin d&rsquo;\u00e9tude en naturopathie \u00e0 l&rsquo;institut Euronature, intitul\u00e9 \u00ab\u00a0LA NATUROPATHIE DEVELOPPEE DANS LE MODELE DES 8 CIRCUITS DE CONSCIENCE DE THIMOTY LEARY\u00a0\u00bb a \u00e9t\u00e9 une vraie aventure&#8230;<\/p>\n","protected":false},"author":1,"featured_media":0,"parent":0,"menu_order":0,"comment_status":"closed","ping_status":"closed","template":"","meta":{"footnotes":""},"class_list":["post-64","page","type-page","status-publish","hentry"],"_links":{"self":[{"href":"https:\/\/8cc-holistic-care.com\/fr_fr\/wp-json\/wp\/v2\/pages\/64","targetHints":{"allow":["GET"]}}],"collection":[{"href":"https:\/\/8cc-holistic-care.com\/fr_fr\/wp-json\/wp\/v2\/pages"}],"about":[{"href":"https:\/\/8cc-holistic-care.com\/fr_fr\/wp-json\/wp\/v2\/types\/page"}],"author":[{"embeddable":true,"href":"https:\/\/8cc-holistic-care.com\/fr_fr\/wp-json\/wp\/v2\/users\/1"}],"replies":[{"embeddable":true,"href":"https:\/\/8cc-holistic-care.com\/fr_fr\/wp-json\/wp\/v2\/comments?post=64"}],"version-history":[{"count":21,"href":"https:\/\/8cc-holistic-care.com\/fr_fr\/wp-json\/wp\/v2\/pages\/64\/revisions"}],"predecessor-version":[{"id":339,"href":"https:\/\/8cc-holistic-care.com\/fr_fr\/wp-json\/wp\/v2\/pages\/64\/revisions\/339"}],"wp:attachment":[{"href":"https:\/\/8cc-holistic-care.com\/fr_fr\/wp-json\/wp\/v2\/media?parent=64"}],"curies":[{"name":"wp","href":"https:\/\/api.w.org\/{rel}","templated":true}]}}