{"id":62,"date":"2021-04-08T11:56:49","date_gmt":"2021-04-08T11:56:49","guid":{"rendered":"https:\/\/xn--modle8circuitsdecons-r1b.live-website.com\/?page_id=62"},"modified":"2024-11-20T08:34:18","modified_gmt":"2024-11-20T08:34:18","slug":"les-8-circuits","status":"publish","type":"page","link":"https:\/\/8cc-holistic-care.com\/fr_fr\/les-8-circuits","title":{"rendered":"Le mod\u00e8le des 8 circuits"},"content":{"rendered":"<div class=\"wp-block-image is-style-default\">\n<figure class=\"aligncenter size-full\"><img loading=\"lazy\" decoding=\"async\" width=\"600\" height=\"600\" src=\"https:\/\/8cc-holistic-care.com\/wp-content\/uploads\/2024\/11\/Hnet-image-2.gif\" alt=\"\" class=\"wp-image-335\"\/><\/figure><\/div>\n\n\n<p>Le mod\u00e8le des 8 circuits de conscience comprend un ensemble de 8 \u00ab\u00a0circuits\u00a0\u00bb qui ont chacun une correspondance pr\u00e9cise sur une ou parfois plusieurs dimensions de notre totalit\u00e9 individuelle. <\/p>\n\n\n\n<p>Explorer chacun d&rsquo;eux est une invitation \u00e0 un voyage int\u00e9rieur et ext\u00e9rieur qui nous permettra de mieux se conna\u00eetre, se comprendre et d&rsquo;am\u00e9liorer le fonctionnement de chacun de ces syst\u00e8mes. <\/p>\n\n\n\n<p>En finalit\u00e9, c&rsquo;est une invitation \u00e0 d\u00e9velopper en nous notre potentiel latent d&rsquo;\u00eatre humain authentique. Pour cela, le d\u00e9but du voyage<span data-mce-type=\"bookmark\" id=\"mce_1_start\" data-mce-style=\"overflow:hidden;line-height:0px\" style=\"overflow:hidden;line-height:0px\"> sera de commencer par s&rsquo;occuper de r\u00e9guler nos fonctions essentielles, ce qui est le propre de la naturopathie. <\/p>\n\n\n\n<p><\/p>\n\n\n\n<p>1 &#8211; <strong>Circuit de base ou de survie<\/strong> \u2013 alimentation\/s\u00e9curit\u00e9<\/p>\n\n\n\n<p>Il repr\u00e9sente les fonctions vitales de notre organisme, les syst\u00e8mes digestifs et respiratoires. Il permet de nous reposer et de nous r\u00e9g\u00e9n\u00e9rer. C\u2019est le circuit de l\u2019ancrage \u00e0 la Terre.<\/p>\n\n\n\n<p>Quelques mots cl\u00e9s du circuit&nbsp;: dormir, manger, tranquillit\u00e9, assimilation des \u00e9l\u00e9ments vitaux<\/p>\n\n\n\n<p><\/p>\n\n\n\n<p>2 &#8211; <strong>Circuit \u00e9motionnel ou d\u2019expansion<\/strong> \u2013 mouvement\/territorialit\u00e9<\/p>\n\n\n\n<p>Il est li\u00e9 au syst\u00e8me musculosquelettique et aux \u00e9motions. C\u2019est le moteur, la source de ce que l\u2019on appelle l\u2019\u00e9nergie vitale. Il permet d\u2019entreprendre, d\u2019agir et de bouger.<\/p>\n\n\n\n<p>Quelques mots cl\u00e9s du circuit&nbsp;: Se mouvoir, explorer, se confronter, entreprendre<\/p>\n\n\n\n<p><\/p>\n\n\n\n<p>3 &#8211; <strong>Circuit symbolique ou intellectuel<\/strong> \u2013 conceptualisation\/abstraction<\/p>\n\n\n\n<p>Il permet l\u2019utilisation du langage et d\u2019outils. C\u2019est le circuit des fonctions cognitives sup\u00e9rieures. Il traite les informations, il analyse, classe, conceptualise.<\/p>\n\n\n\n<p>Quelques mots cl\u00e9s du circuit&nbsp;: Conceptualiser, logique, utiliser des outils, le langage, la science<\/p>\n\n\n\n<p><\/p>\n\n\n\n<p>4 &#8211; <strong>Circuit social<\/strong> \u2013 vie sociale\/reproduction<\/p>\n\n\n\n<p>Il correspond au contexte social. C\u2019est le circuit qui permet d\u2019organiser le groupe et la soci\u00e9t\u00e9 dans son ensemble, notamment en fixant des r\u00e8gles morales. Il est en lien avec la responsabilisation et la vie familiale.<\/p>\n\n\n\n<p>Quelques mots cl\u00e9s du circuit&nbsp;: Socialisation, fonction sociale, travail, famille, responsabilit\u00e9, culture<\/p>\n\n\n\n<p><\/p>\n\n\n\n<p>5 &#8211; <strong>Circuit neurosomatique<\/strong> \u2013 dimension du corps\/dimension des \u00e9nergies subtiles et du plaisir<\/p>\n\n\n\n<p>Il permet de prendre conscience de son corps, des \u00e9motions et des \u00e9nergies&nbsp;: magn\u00e9tisme, Qi, ki ou prana. C\u2019est aussi le circuit du langage symbolique du corps qui s\u2019exprime et cherche \u00e0 jouir de son existence.<\/p>\n\n\n\n<p>Quelques mots cl\u00e9s du circuit&nbsp;: Conscience de mon corps, conscience de mes \u00e9motions, ressenti, \u00e9nergies, empathie, \u00ab&nbsp;get high&nbsp;\u00bb<\/p>\n\n\n\n<p><\/p>\n\n\n\n<p>6 &#8211; <strong>Circuit neuro\u00e9lectrique<\/strong> \u2013 dimension du cerveau, du psychisme donc de l\u2019inconscient, notion de r\u00e9alit\u00e9<\/p>\n\n\n\n<p>L\u2019activation de ce circuit permet de prendre conscience des facult\u00e9s de notre syst\u00e8me nerveux et donc du cerveau. C\u2019est la porte d\u2019acc\u00e8s au psychisme.<\/p>\n\n\n\n<p>Quelques mots cl\u00e9s du circuit&nbsp;: Conscience de mes pens\u00e9es, sens psychiques, contr\u00f4le des \u00e9motions<\/p>\n\n\n\n<p><\/p>\n\n\n\n<p>7 &#8211; <strong>Circuit neurog\u00e9n\u00e9tique<\/strong> \u2013 associ\u00e9 \u00e0 la notion de conscience globale, ou inconscient collectif, \u00e0 la m\u00e9moire g\u00e9n\u00e9tique donc l\u2019ADN (familial, groupal) et aux arch\u00e9types<\/p>\n\n\n\n<p>Il a une fonction organisatrice \u00e0 travers l\u2019ADN, les grands principes universels, les arch\u00e9types et une fonction transcendantale. C\u2019est le circuit de la sagesse qui s\u2019active lorsque nous m\u00e9ditons. <\/p>\n\n\n\n<p>Quelques mots cl\u00e9s du circuit&nbsp;: M\u00e9moire collective, sagesse, m\u00e9ditation, spiritualit\u00e9<\/p>\n\n\n\n<p><\/p>\n\n\n\n<p>8 &#8211; <strong>Circuit neuroatomique<\/strong> \u2013 non localis\u00e9, int\u00e8gre les lois quantiques dont la loi d\u2019attraction et de co-cr\u00e9ation<\/p>\n\n\n\n<p>Il nous permet de co-cr\u00e9er la r\u00e9alit\u00e9 en dehors du syst\u00e8me nerveux. C\u2019est le circuit cr\u00e9ateur. Par extension, il est li\u00e9 aux activit\u00e9s oniriques et \u00e9galement \u00e0 la mort et \u00e0 l\u2019Au-del\u00e0.<\/p>\n\n\n\n<p>Quelques mots cl\u00e9s du circuit&nbsp;: Co-cr\u00e9ation de notre r\u00e9alit\u00e9, inventivit\u00e9, g\u00e9nie cr\u00e9atif, individuation, L\u2019Au-del\u00e0, r\u00eave, \u00ab&nbsp;self-realization&nbsp;\u00bb, \u00ab&nbsp;Void is full&nbsp;\u00bb<\/p>\n\n\n\n<p><\/p>\n\n\n\n<p><\/p>\n\n\n<div class=\"wp-block-image is-style-rounded\">\n<figure class=\"aligncenter size-large is-resized\"><img loading=\"lazy\" decoding=\"async\" width=\"1024\" height=\"1024\" src=\"http:\/\/wp-8cc.crusadertech-pl.com\/wp-content\/uploads\/2021\/04\/Illustration-8cc-naturo-2-1024x1024.png\" alt=\"\" class=\"wp-image-116\" style=\"width:494px;height:494px\" srcset=\"https:\/\/8cc-holistic-care.com\/wp-content\/uploads\/2021\/04\/Illustration-8cc-naturo-2-1024x1024.png 1024w, https:\/\/8cc-holistic-care.com\/wp-content\/uploads\/2021\/04\/Illustration-8cc-naturo-2-300x300.png 300w, https:\/\/8cc-holistic-care.com\/wp-content\/uploads\/2021\/04\/Illustration-8cc-naturo-2-150x150.png 150w, https:\/\/8cc-holistic-care.com\/wp-content\/uploads\/2021\/04\/Illustration-8cc-naturo-2-768x768.png 768w, https:\/\/8cc-holistic-care.com\/wp-content\/uploads\/2021\/04\/Illustration-8cc-naturo-2-100x100.png 100w, https:\/\/8cc-holistic-care.com\/wp-content\/uploads\/2021\/04\/Illustration-8cc-naturo-2.png 1080w\" sizes=\"auto, (max-width: 1024px) 100vw, 1024px\" \/><\/figure><\/div>\n\n\n<p><\/p>\n","protected":false},"excerpt":{"rendered":"<p>Le mod\u00e8le des 8 circuits de conscience comprend un ensemble de 8 \u00ab\u00a0circuits\u00a0\u00bb qui ont chacun une correspondance pr\u00e9cise sur une ou parfois plusieurs dimensions de notre totalit\u00e9 individuelle. Explorer&#8230;<\/p>\n","protected":false},"author":1,"featured_media":0,"parent":0,"menu_order":0,"comment_status":"closed","ping_status":"closed","template":"","meta":{"footnotes":""},"class_list":["post-62","page","type-page","status-publish","hentry"],"_links":{"self":[{"href":"https:\/\/8cc-holistic-care.com\/fr_fr\/wp-json\/wp\/v2\/pages\/62","targetHints":{"allow":["GET"]}}],"collection":[{"href":"https:\/\/8cc-holistic-care.com\/fr_fr\/wp-json\/wp\/v2\/pages"}],"about":[{"href":"https:\/\/8cc-holistic-care.com\/fr_fr\/wp-json\/wp\/v2\/types\/page"}],"author":[{"embeddable":true,"href":"https:\/\/8cc-holistic-care.com\/fr_fr\/wp-json\/wp\/v2\/users\/1"}],"replies":[{"embeddable":true,"href":"https:\/\/8cc-holistic-care.com\/fr_fr\/wp-json\/wp\/v2\/comments?post=62"}],"version-history":[{"count":7,"href":"https:\/\/8cc-holistic-care.com\/fr_fr\/wp-json\/wp\/v2\/pages\/62\/revisions"}],"predecessor-version":[{"id":336,"href":"https:\/\/8cc-holistic-care.com\/fr_fr\/wp-json\/wp\/v2\/pages\/62\/revisions\/336"}],"wp:attachment":[{"href":"https:\/\/8cc-holistic-care.com\/fr_fr\/wp-json\/wp\/v2\/media?parent=62"}],"curies":[{"name":"wp","href":"https:\/\/api.w.org\/{rel}","templated":true}]}}