{"id":4,"date":"2020-05-10T15:24:52","date_gmt":"2020-05-10T15:24:52","guid":{"rendered":"https:\/\/xn--modle8circuitsdecons-r1b.live-website.com\/bienvenue-sur-https-xn-modle8circuitsdecons-r1b-live-website-com"},"modified":"2024-11-20T08:25:15","modified_gmt":"2024-11-20T08:25:15","slug":"bienvenue-sur-https-xn-modle8circuitsdecons-r1b-live-website-com-2","status":"publish","type":"page","link":"https:\/\/8cc-holistic-care.com\/fr_fr\/","title":{"rendered":"Approche holistique et int\u00e9grative de la sant\u00e9"},"content":{"rendered":"\n<p class=\"has-text-align-center\">Le mod\u00e8le des 8 circuits de conscience a \u00e9t\u00e9 cr\u00e9\u00e9 par le psychologue am\u00e9ricain Timothy Leary comme une cartographie la plus compl\u00e8te possible de ce qui compose un individu. <\/p>\n\n\n\n<p class=\"has-text-align-center\">Il int\u00e8gre \u00e0 la fois la dimension physique et corporelle, mais aussi les dimensions \u00e9motionnelles, sociales et spirituelles. <\/p>\n\n\n\n<p class=\"has-text-align-center\">Depuis sa cr\u00e9ation dans les ann\u00e9es 70, il a \u00e9t\u00e9 d\u00e9velopp\u00e9 et enrichi par des auteurs am\u00e9ricains comme Robert Anton Wilson, Antero Ali, et un auteur suisse Laurent Huguelit. Chacun d&rsquo;eux a amen\u00e9 ce mod\u00e8le \u00e0 devenir un v\u00e9ritable outil de d\u00e9veloppement de la conscience tr\u00e8s dense et tr\u00e8s porteur.<\/p>\n\n\n\n<p class=\"has-text-align-center\">Le d\u00e9fi que j&rsquo;ai relev\u00e9 a \u00e9t\u00e9 de le transposer \u00e0 travers une approche m\u00e9thodologique classique en naturopathie et l&rsquo;utiliser comme un v\u00e9ritable outil de travail holistique qui sert de support \u00e0 la fois pour le praticien et le consultant pour explorer les diff\u00e9rentes dimensions et aspects de sa probl\u00e9matique actuelle. <\/p>\n\n\n<div class=\"wp-block-image\">\n<figure class=\"aligncenter size-full\"><img loading=\"lazy\" decoding=\"async\" width=\"600\" height=\"600\" src=\"http:\/\/8cc-holistic-care.com\/wp-content\/uploads\/2024\/11\/Hnet-image.gif\" alt=\"\" class=\"wp-image-332\"\/><\/figure><\/div>","protected":false},"excerpt":{"rendered":"<p>Le mod\u00e8le des 8 circuits de conscience a \u00e9t\u00e9 cr\u00e9\u00e9 par le psychologue am\u00e9ricain Timothy Leary comme une cartographie la plus compl\u00e8te possible de ce qui compose un individu. Il&#8230;<\/p>\n","protected":false},"author":1,"featured_media":0,"parent":0,"menu_order":0,"comment_status":"closed","ping_status":"open","template":"","meta":{"footnotes":""},"class_list":["post-4","page","type-page","status-publish","hentry"],"_links":{"self":[{"href":"https:\/\/8cc-holistic-care.com\/fr_fr\/wp-json\/wp\/v2\/pages\/4","targetHints":{"allow":["GET"]}}],"collection":[{"href":"https:\/\/8cc-holistic-care.com\/fr_fr\/wp-json\/wp\/v2\/pages"}],"about":[{"href":"https:\/\/8cc-holistic-care.com\/fr_fr\/wp-json\/wp\/v2\/types\/page"}],"author":[{"embeddable":true,"href":"https:\/\/8cc-holistic-care.com\/fr_fr\/wp-json\/wp\/v2\/users\/1"}],"replies":[{"embeddable":true,"href":"https:\/\/8cc-holistic-care.com\/fr_fr\/wp-json\/wp\/v2\/comments?post=4"}],"version-history":[{"count":19,"href":"https:\/\/8cc-holistic-care.com\/fr_fr\/wp-json\/wp\/v2\/pages\/4\/revisions"}],"predecessor-version":[{"id":333,"href":"https:\/\/8cc-holistic-care.com\/fr_fr\/wp-json\/wp\/v2\/pages\/4\/revisions\/333"}],"wp:attachment":[{"href":"https:\/\/8cc-holistic-care.com\/fr_fr\/wp-json\/wp\/v2\/media?parent=4"}],"curies":[{"name":"wp","href":"https:\/\/api.w.org\/{rel}","templated":true}]}}