{"id":121,"date":"2021-04-14T09:08:47","date_gmt":"2021-04-14T09:08:47","guid":{"rendered":"https:\/\/8cc-naturopathie.com\/?page_id=121"},"modified":"2024-11-20T08:53:42","modified_gmt":"2024-11-20T08:53:42","slug":"references","status":"publish","type":"page","link":"https:\/\/8cc-holistic-care.com\/fr_fr\/references","title":{"rendered":"R\u00e9f\u00e9rences"},"content":{"rendered":"\n<p><\/p>\n\n\n\n<div style=\"height:7px\" aria-hidden=\"true\" class=\"wp-block-spacer\"><\/div>\n\n\n<h4>Les autres sites de l&rsquo;auteur :&nbsp;<\/h4>\n\n\n<div style=\"height:23px\" aria-hidden=\"true\" class=\"wp-block-spacer\"><\/div>\n\n\n\n<p>Mon website original : <\/p>\n\n\n\n<figure class=\"wp-block-image size-full is-resized is-style-rounded\"><img loading=\"lazy\" decoding=\"async\" width=\"590\" height=\"588\" src=\"http:\/\/8cc-holistic-care.com\/wp-content\/uploads\/2021\/04\/Patrick-nuage-2b.jpg\" alt=\"\" class=\"wp-image-122\" style=\"width:131px;height:130px\" srcset=\"https:\/\/8cc-holistic-care.com\/wp-content\/uploads\/2021\/04\/Patrick-nuage-2b.jpg 590w, https:\/\/8cc-holistic-care.com\/wp-content\/uploads\/2021\/04\/Patrick-nuage-2b-300x300.jpg 300w, https:\/\/8cc-holistic-care.com\/wp-content\/uploads\/2021\/04\/Patrick-nuage-2b-150x150.jpg 150w, https:\/\/8cc-holistic-care.com\/wp-content\/uploads\/2021\/04\/Patrick-nuage-2b-100x100.jpg 100w\" sizes=\"auto, (max-width: 590px) 100vw, 590px\" \/><\/figure>\n\n\n\n<p>Website officiel de praticien en psycho-\u00e9nerg\u00e9tique et naturopathie : <a href=\"http:\/\/patrick-laubscher.fr\" type=\"URL\" id=\"http:\/\/www.patrick-laubscher.fr\" target=\"_blank\" rel=\"noreferrer noopener\" class=\"broken_link\">www.patrick-laubscher.fr<\/a><\/p>\n\n\n\n<div style=\"height:34px\" aria-hidden=\"true\" class=\"wp-block-spacer\"><\/div>\n\n\n<p><img loading=\"lazy\" decoding=\"async\" class=\"wp-image-141 size-full aligncenter\" src=\"http:\/\/8cc-holistic-care.com\/wp-content\/uploads\/2021\/04\/image-1.png\" alt=\"\" width=\"130\" height=\"281\" \/><\/p>\n\n\n<div style=\"height:25px\" aria-hidden=\"true\" class=\"wp-block-spacer\"><\/div>\n\n\n\n<p><\/p>\n\n\n\n<p><\/p>\n\n\n<h3><strong data-rich-text-format-boundary=\"true\">\u00a0R\u00e9f\u00e9rences principales et essentielles sur le mod\u00e8le des 8 circuits (par ordre chronologique) :<\/strong><\/h3>\n<p><strong data-rich-text-format-boundary=\"true\"><img loading=\"lazy\" decoding=\"async\" class=\"alignnone wp-image-141 \" src=\"http:\/\/8cc-holistic-care.com\/wp-content\/uploads\/2021\/04\/image-1.png\" alt=\"\" width=\"19\" height=\"41\" \/>\u00a0Timothy Leary<\/strong>, le grand th\u00e9oricien du mod\u00e8le (1920-1996) et ses \u0153uvres sur le mod\u00e8le des 8 circuits. Th. Leary \u00e9tait tout simplement un vrai visionnaire et un grand philosophe et \u00e9veilleur des conscience \u00e0 sa mani\u00e8re. Son \u0153uvre est d&rsquo;une tr\u00e8s grand richesse et c&rsquo;est lui qui a pav\u00e9 la voie vers cette approche holistique et multidimensionnelle tout en gardant une base scientifique et pas uniquement en psychologie mais en biologie et en physique quantique \u00e9galement.<\/p>\n<p><img loading=\"lazy\" decoding=\"async\" class=\"alignnone wp-image-151 \" src=\"http:\/\/8cc-holistic-care.com\/wp-content\/uploads\/2021\/04\/image-2.png\" alt=\"\" width=\"102\" height=\"147\" \/> \u00a0<em data-rich-text-format-boundary=\"true\">Neurologic<\/em> &#8211; 1973 (existe en fr)<\/p>\n<p><img loading=\"lazy\" decoding=\"async\" class=\"alignnone wp-image-152 size-full\" src=\"http:\/\/8cc-holistic-care.com\/wp-content\/uploads\/2021\/04\/image-3.png\" alt=\"\" width=\"98\" height=\"153\" \/> \u00a0<em data-rich-text-format-boundary=\"true\">Infopsychology<\/em> &#8211; 1976<\/p>\n<p><img loading=\"lazy\" decoding=\"async\" class=\"alignnone wp-image-156 \" src=\"http:\/\/8cc-holistic-care.com\/wp-content\/uploads\/2021\/04\/Games-of-life-1-200x300.jpg\" alt=\"\" width=\"99\" height=\"149\" srcset=\"https:\/\/8cc-holistic-care.com\/wp-content\/uploads\/2021\/04\/Games-of-life-1-200x300.jpg 200w, https:\/\/8cc-holistic-care.com\/wp-content\/uploads\/2021\/04\/Games-of-life-1.jpg 333w\" sizes=\"auto, (max-width: 99px) 100vw, 99px\" \/> <em data-rich-text-format-boundary=\"true\">The game of life<\/em> &#8211; 1979<\/p>\n<p><strong><img loading=\"lazy\" decoding=\"async\" class=\"alignnone wp-image-141 \" src=\"http:\/\/8cc-holistic-care.com\/wp-content\/uploads\/2021\/04\/image-1.png\" alt=\"\" width=\"19\" height=\"41\" \/> Robert Anton Wilson<\/strong>, contemporain de Th. Leary, il continue de d\u00e9velopper le mod\u00e8le dans ses aspects sociologiques notamment. Il y inclut \u00e9galement des pratiques yogiques et certains concepts \u00e9sot\u00e9riques. Robert Anton Wilson a aussi abord\u00e9 un aspect tr\u00e8s concret et pratique avec les rapprochements entre les temp\u00e9raments hippocratiques et les 4 circuits mat\u00e9riels. Son \u0153uvre majeure est un vrai bijou de r\u00e9flexion et de prise de conscience :<\/p>\n<p><img loading=\"lazy\" decoding=\"async\" class=\"alignnone wp-image-184 \" src=\"http:\/\/8cc-holistic-care.com\/wp-content\/uploads\/2021\/04\/Image3-194x300.jpg\" alt=\"\" width=\"94\" height=\"145\" srcset=\"https:\/\/8cc-holistic-care.com\/wp-content\/uploads\/2021\/04\/Image3-194x300.jpg 194w, https:\/\/8cc-holistic-care.com\/wp-content\/uploads\/2021\/04\/Image3.jpg 255w\" sizes=\"auto, (max-width: 94px) 100vw, 94px\" \/> <em>Prometheus rising<\/em> &#8211; 1983<\/p>\n<p data-wp-editing=\"1\"><strong data-rich-text-format-boundary=\"true\"><img loading=\"lazy\" decoding=\"async\" class=\"alignnone wp-image-141 \" src=\"http:\/\/8cc-holistic-care.com\/wp-content\/uploads\/2021\/04\/image-1.png\" alt=\"\" width=\"19\" height=\"41\" \/> <\/strong><a href=\"http:\/\/verticalpool.com\/8circuitbrain1.html\" target=\"_blank\" rel=\"noopener\">Verticalpool.com\/8circuitbrain1<\/a> &#8211; Le site d&rsquo;<strong>Antero Alli<\/strong>, qui est le premier \u00e0 proposer un programme de travail \u00e0 distance bas\u00e9 sur le mod\u00e8le et la dimension verticale avec les couples de circuit (1-5, 2-6, 3-7, 4-8), v\u00e9ritable plong\u00e9e dans une r\u00e9flexion et une mise en pratique de fond sur l&rsquo;intelligence \u00e0 travers les 8 circuits. Son programme de suivi propose de tr\u00e8s nombreux exercices diff\u00e9rents et nous am\u00e8ne \u00e0 toucher nos \u00ab\u00a0limites\u00a0\u00bb pour mieux les franchir.<\/p>\n<p><img loading=\"lazy\" decoding=\"async\" class=\"alignnone wp-image-181 \" src=\"http:\/\/8cc-holistic-care.com\/wp-content\/uploads\/2021\/04\/Image1.jpg\" alt=\"\" width=\"89\" height=\"136\" \/> <em>Angel tech, a modern Shaman\u2019s guide to reality selection <\/em>&#8211; 1985<\/p>\n<p><img loading=\"lazy\" decoding=\"async\" class=\"alignnone wp-image-183 \" src=\"http:\/\/8cc-holistic-care.com\/wp-content\/uploads\/2021\/04\/Image2-1-200x300.jpg\" alt=\"\" width=\"89\" height=\"134\" srcset=\"https:\/\/8cc-holistic-care.com\/wp-content\/uploads\/2021\/04\/Image2-1-200x300.jpg 200w, https:\/\/8cc-holistic-care.com\/wp-content\/uploads\/2021\/04\/Image2-1.jpg 540w\" sizes=\"auto, (max-width: 89px) 100vw, 89px\" \/> <em>The 8 circuits brain, navigationnal strategies for the energetic body <\/em>&#8211; 2009<\/p>\n<p><strong data-rich-text-format-boundary=\"true\" data-wp-editing=\"1\"><img loading=\"lazy\" decoding=\"async\" class=\"alignnone wp-image-141 \" src=\"http:\/\/8cc-holistic-care.com\/wp-content\/uploads\/2021\/04\/image-1.png\" alt=\"\" width=\"19\" height=\"41\" \/> <\/strong><a href=\"http:\/\/8circuits.org\/\" target=\"_blank\" rel=\"noopener\">8circuits.org<\/a> &#8211; Le site de <strong>Laurent Huguelit<\/strong> et Angeline Bichon sur l&rsquo;approche chamanique dans le mod\u00e8le des 8 circuits. R\u00e9volution dans la pratique du chamanisme, le chamanisme cybern\u00e9tique d\u00e9velopp\u00e9 par Laurent Huguelit nous invite \u00e0 un voyage au tambour dans nos circuits et leurs portes d&rsquo;acc\u00e8s pour d\u00e9velopper en nous notre capacit\u00e9 de co-cr\u00e9ateur.<\/p>\n<p><img loading=\"lazy\" decoding=\"async\" class=\"alignnone wp-image-126 \" src=\"http:\/\/8cc-holistic-care.com\/wp-content\/uploads\/2021\/04\/image.png\" alt=\"\" width=\"91\" height=\"133\" \/><em data-rich-text-format-boundary=\"true\">Les Huit Circuits de conscience &#8211; Chamanisme cybern\u00e9tique &amp; pouvoir cr\u00e9ateur <\/em>&#8211; 2012 &#8211; Ed. Mama<\/p>\n\n\n<p><\/p>\n","protected":false},"excerpt":{"rendered":"<p>Les autres sites de l&rsquo;auteur :&nbsp; Mon website original : Website officiel de praticien en psycho-\u00e9nerg\u00e9tique et naturopathie : www.patrick-laubscher.fr \u00a0R\u00e9f\u00e9rences principales et essentielles sur le mod\u00e8le des 8 circuits&#8230;<\/p>\n","protected":false},"author":1,"featured_media":0,"parent":0,"menu_order":0,"comment_status":"closed","ping_status":"closed","template":"","meta":{"footnotes":""},"class_list":["post-121","page","type-page","status-publish","hentry"],"_links":{"self":[{"href":"https:\/\/8cc-holistic-care.com\/fr_fr\/wp-json\/wp\/v2\/pages\/121","targetHints":{"allow":["GET"]}}],"collection":[{"href":"https:\/\/8cc-holistic-care.com\/fr_fr\/wp-json\/wp\/v2\/pages"}],"about":[{"href":"https:\/\/8cc-holistic-care.com\/fr_fr\/wp-json\/wp\/v2\/types\/page"}],"author":[{"embeddable":true,"href":"https:\/\/8cc-holistic-care.com\/fr_fr\/wp-json\/wp\/v2\/users\/1"}],"replies":[{"embeddable":true,"href":"https:\/\/8cc-holistic-care.com\/fr_fr\/wp-json\/wp\/v2\/comments?post=121"}],"version-history":[{"count":22,"href":"https:\/\/8cc-holistic-care.com\/fr_fr\/wp-json\/wp\/v2\/pages\/121\/revisions"}],"predecessor-version":[{"id":346,"href":"https:\/\/8cc-holistic-care.com\/fr_fr\/wp-json\/wp\/v2\/pages\/121\/revisions\/346"}],"wp:attachment":[{"href":"https:\/\/8cc-holistic-care.com\/fr_fr\/wp-json\/wp\/v2\/media?parent=121"}],"curies":[{"name":"wp","href":"https:\/\/api.w.org\/{rel}","templated":true}]}}