{"id":90,"date":"2021-04-14T07:08:22","date_gmt":"2021-04-14T07:08:22","guid":{"rendered":"https:\/\/8cc-naturopathie.com\/?page_id=90"},"modified":"2024-12-03T11:52:49","modified_gmt":"2024-12-03T11:52:49","slug":"services-et-consultations","status":"publish","type":"page","link":"https:\/\/8cc-holistic-care.com\/en\/services-et-consultations","title":{"rendered":"Services &amp; consultations"},"content":{"rendered":"<div style=\"height:29px\" aria-hidden=\"true\" class=\"wp-block-spacer\"><\/div>\n\n\n<div class=\"wp-block-image\">\n<figure class=\"aligncenter size-full\"><img loading=\"lazy\" decoding=\"async\" width=\"275\" height=\"183\" src=\"http:\/\/8cc-holistic-care.com\/wp-content\/uploads\/2021\/09\/Consultation-en-ligne.jpg\" alt=\"\" class=\"wp-image-268\" srcset=\"https:\/\/8cc-holistic-care.com\/wp-content\/uploads\/2021\/09\/Consultation-en-ligne.jpg 275w, https:\/\/8cc-holistic-care.com\/wp-content\/uploads\/2021\/09\/Consultation-en-ligne-18x12.jpg 18w\" sizes=\"auto, (max-width: 275px) 100vw, 275px\" \/><\/figure><\/div>\n\n\n<p class=\"has-text-align-center\"><strong>All sessions are available online in English.<\/strong><\/p>\n\n\n\n<div style=\"height:36px\" aria-hidden=\"true\" class=\"wp-block-spacer\"><\/div>\n\n\n\n<p class=\"has-text-align-center has-white-color has-luminous-vivid-amber-background-color has-text-color has-background\"><strong>For a complete evaluation of your 8 circuits of consciousness <\/strong><\/p>\n\n\n<div class=\"wp-block-image\">\n<figure class=\"aligncenter size-large is-resized\"><img loading=\"lazy\" decoding=\"async\" width=\"1024\" height=\"1024\" src=\"http:\/\/8cc-holistic-care.com\/wp-content\/uploads\/2024\/12\/Accompagnement-holistique-8-circuits-1024x1024.png\" alt=\"Accompagnement-holistique-8-circuits\" class=\"wp-image-350\" style=\"width:512px;height:512px\" srcset=\"https:\/\/8cc-holistic-care.com\/wp-content\/uploads\/2024\/12\/Accompagnement-holistique-8-circuits-1024x1024.png 1024w, https:\/\/8cc-holistic-care.com\/wp-content\/uploads\/2024\/12\/Accompagnement-holistique-8-circuits-300x300.png 300w, https:\/\/8cc-holistic-care.com\/wp-content\/uploads\/2024\/12\/Accompagnement-holistique-8-circuits-150x150.png 150w, https:\/\/8cc-holistic-care.com\/wp-content\/uploads\/2024\/12\/Accompagnement-holistique-8-circuits-768x768.png 768w, https:\/\/8cc-holistic-care.com\/wp-content\/uploads\/2024\/12\/Accompagnement-holistique-8-circuits-12x12.png 12w, https:\/\/8cc-holistic-care.com\/wp-content\/uploads\/2024\/12\/Accompagnement-holistique-8-circuits-100x100.png 100w, https:\/\/8cc-holistic-care.com\/wp-content\/uploads\/2024\/12\/Accompagnement-holistique-8-circuits.png 1080w\" sizes=\"auto, (max-width: 1024px) 100vw, 1024px\" \/><\/figure><\/div>\n\n\n<h3 style=\"text-align: center;\">Follow-up on 3 assessment sessions supplemented by additional sessions in energy techniques, shamanic drum techniques, meditative practices and relaxation as needed.<\/h3>\n<h4 style=\"text-align: center;\">The content of the sessions:<\/h4>\n<p style=\"text-align: center;\">Personalized diagnosis of the circuits at the end of each session\u00a0<\/p>\n<p style=\"text-align: center;\"><img loading=\"lazy\" decoding=\"async\" class=\"alignnone wp-image-163 size-medium\" src=\"http:\/\/8cc-holistic-care.com\/wp-content\/uploads\/2021\/04\/Schema-8-Dimension-holistique-et-fractale-1-300x300.png\" alt=\"\" width=\"300\" height=\"300\" srcset=\"https:\/\/8cc-holistic-care.com\/wp-content\/uploads\/2021\/04\/Schema-8-Dimension-holistique-et-fractale-1-300x300.png 300w, https:\/\/8cc-holistic-care.com\/wp-content\/uploads\/2021\/04\/Schema-8-Dimension-holistique-et-fractale-1-1024x1024.png 1024w, https:\/\/8cc-holistic-care.com\/wp-content\/uploads\/2021\/04\/Schema-8-Dimension-holistique-et-fractale-1-150x150.png 150w, https:\/\/8cc-holistic-care.com\/wp-content\/uploads\/2021\/04\/Schema-8-Dimension-holistique-et-fractale-1-768x768.png 768w, https:\/\/8cc-holistic-care.com\/wp-content\/uploads\/2021\/04\/Schema-8-Dimension-holistique-et-fractale-1-100x100.png 100w, https:\/\/8cc-holistic-care.com\/wp-content\/uploads\/2021\/04\/Schema-8-Dimension-holistique-et-fractale-1.png 1080w\" sizes=\"auto, (max-width: 300px) 100vw, 300px\" \/><\/p>\n<p style=\"text-align: center;\">Adapted advice to regulate the operation of circuits\u00a0<\/p>\n<p style=\"text-align: center;\">Tips for preventing and improving holistic health\u00a0<\/p>\n<p style=\"text-align: center;\">Development of its inner potential\u00a0<\/p>\n<p style=\"text-align: center;\">Support and potentiation of its resources in the realization of projects\u00a0<\/p>\n<p>\u00a0<\/p>\n\n\n\n<div class=\"wp-block-buttons is-horizontal is-content-justification-center is-layout-flex wp-container-core-buttons-is-layout-1 wp-block-buttons-is-layout-flex\">\n<div class=\"wp-block-button is-style-fill\"><a class=\"wp-block-button__link wp-element-button\" href=\"https:\/\/8cc-holistic-care.com\/en\/contact\" style=\"border-radius:50px\" target=\"_blank\" rel=\"noreferrer noopener\">Click here to make an appointment and for contact<\/a><\/div>\n<\/div>\n\n\n\n<div class=\"wp-block-group\"><div class=\"wp-block-group__inner-container is-layout-flow wp-block-group-is-layout-flow\"><\/div><\/div>\n\n\n\n<div class=\"wp-block-buttons is-horizontal is-content-justification-center is-layout-flex wp-container-core-buttons-is-layout-2 wp-block-buttons-is-layout-flex\"><\/div>","protected":false},"excerpt":{"rendered":"<p>Toutes les s\u00e9ances sont r\u00e9alisables \u00e0 distance en ligne. Pour un bilan complet de vos 8 circuits de conscience Suivi sur 3 s\u00e9ances bilan compl\u00e9t\u00e9es par des s\u00e9ances suppl\u00e9mentaires en&#8230;<\/p>","protected":false},"author":1,"featured_media":0,"parent":0,"menu_order":0,"comment_status":"closed","ping_status":"closed","template":"","meta":{"footnotes":""},"class_list":["post-90","page","type-page","status-publish","hentry"],"_links":{"self":[{"href":"https:\/\/8cc-holistic-care.com\/en\/wp-json\/wp\/v2\/pages\/90","targetHints":{"allow":["GET"]}}],"collection":[{"href":"https:\/\/8cc-holistic-care.com\/en\/wp-json\/wp\/v2\/pages"}],"about":[{"href":"https:\/\/8cc-holistic-care.com\/en\/wp-json\/wp\/v2\/types\/page"}],"author":[{"embeddable":true,"href":"https:\/\/8cc-holistic-care.com\/en\/wp-json\/wp\/v2\/users\/1"}],"replies":[{"embeddable":true,"href":"https:\/\/8cc-holistic-care.com\/en\/wp-json\/wp\/v2\/comments?post=90"}],"version-history":[{"count":32,"href":"https:\/\/8cc-holistic-care.com\/en\/wp-json\/wp\/v2\/pages\/90\/revisions"}],"predecessor-version":[{"id":351,"href":"https:\/\/8cc-holistic-care.com\/en\/wp-json\/wp\/v2\/pages\/90\/revisions\/351"}],"wp:attachment":[{"href":"https:\/\/8cc-holistic-care.com\/en\/wp-json\/wp\/v2\/media?parent=90"}],"curies":[{"name":"wp","href":"https:\/\/api.w.org\/{rel}","templated":true}]}}