{"id":4,"date":"2020-05-10T15:24:52","date_gmt":"2020-05-10T15:24:52","guid":{"rendered":"https:\/\/xn--modle8circuitsdecons-r1b.live-website.com\/bienvenue-sur-https-xn-modle8circuitsdecons-r1b-live-website-com"},"modified":"2024-11-20T08:25:15","modified_gmt":"2024-11-20T08:25:15","slug":"bienvenue-sur-https-xn-modle8circuitsdecons-r1b-live-website-com-2","status":"publish","type":"page","link":"https:\/\/8cc-holistic-care.com\/en\/","title":{"rendered":"Holistic and integrative health approach"},"content":{"rendered":"<p class=\"has-text-align-center\">The 8 circuits model of consciousness has been created by Timothy Leary as a most complete and possible cartography of an individual. <\/p>\n\n\n\n<p class=\"has-text-align-center\">It includes both physical and corporal dimensions, as well as the emotionnal, social and spiritual ones. <\/p>\n\n\n\n<p class=\"has-text-align-center\">Since its creation in the 70s, it has been developed and enriched by American authors such as Robert Anton Wilson, Antero Ali, and a Swiss author Laurent Huguelit. Each of them has led this model to become a real tool very dense and promising for the development of consciousness.<\/p>\n\n\n\n<p class=\"has-text-align-center\">The challenge I took up was to transpose it through a classic methodological approach in naturopathy and use it as a real holistic work tool that serves as a support for both the practitioner and the consultant to explore the different dimensions and aspects of its current problem. <\/p>\n\n\n<div class=\"wp-block-image\">\n<figure class=\"aligncenter size-full\"><img loading=\"lazy\" decoding=\"async\" width=\"600\" height=\"600\" src=\"http:\/\/8cc-holistic-care.com\/wp-content\/uploads\/2024\/11\/Hnet-image.gif\" alt=\"\" class=\"wp-image-332\"\/><\/figure><\/div>","protected":false},"excerpt":{"rendered":"<p>Le mod\u00e8le des 8 circuits de conscience a \u00e9t\u00e9 cr\u00e9\u00e9 par le psychologue am\u00e9ricain Timothy Leary comme une cartographie la plus compl\u00e8te possible de ce qui compose un individu. Il&#8230;<\/p>","protected":false},"author":1,"featured_media":0,"parent":0,"menu_order":0,"comment_status":"closed","ping_status":"open","template":"","meta":{"footnotes":""},"class_list":["post-4","page","type-page","status-publish","hentry"],"_links":{"self":[{"href":"https:\/\/8cc-holistic-care.com\/en\/wp-json\/wp\/v2\/pages\/4","targetHints":{"allow":["GET"]}}],"collection":[{"href":"https:\/\/8cc-holistic-care.com\/en\/wp-json\/wp\/v2\/pages"}],"about":[{"href":"https:\/\/8cc-holistic-care.com\/en\/wp-json\/wp\/v2\/types\/page"}],"author":[{"embeddable":true,"href":"https:\/\/8cc-holistic-care.com\/en\/wp-json\/wp\/v2\/users\/1"}],"replies":[{"embeddable":true,"href":"https:\/\/8cc-holistic-care.com\/en\/wp-json\/wp\/v2\/comments?post=4"}],"version-history":[{"count":19,"href":"https:\/\/8cc-holistic-care.com\/en\/wp-json\/wp\/v2\/pages\/4\/revisions"}],"predecessor-version":[{"id":333,"href":"https:\/\/8cc-holistic-care.com\/en\/wp-json\/wp\/v2\/pages\/4\/revisions\/333"}],"wp:attachment":[{"href":"https:\/\/8cc-holistic-care.com\/en\/wp-json\/wp\/v2\/media?parent=4"}],"curies":[{"name":"wp","href":"https:\/\/api.w.org\/{rel}","templated":true}]}}